{"id":946,"date":"2016-11-01T19:22:43","date_gmt":"2016-11-01T19:22:43","guid":{"rendered":"http:\/\/localhost\/wordpress\/?page_id=946"},"modified":"2019-06-27T20:00:29","modified_gmt":"2019-06-27T20:00:29","slug":"entregan-sello-70-aniversario-de-la-ctc-al-centro-de-linguistica-aplicada-y-a-sus-fundadores","status":"publish","type":"page","link":"https:\/\/www.cla.cu\/clanuevo\/es\/entregan-sello-70-aniversario-de-la-ctc-al-centro-de-linguistica-aplicada-y-a-sus-fundadores\/","title":{"rendered":"Entregan Sello 70 Aniversario de la CTC al Centro de Ling\u00fc\u00edstica Aplicada y a sus fundadores"},"content":{"rendered":"<p style=\"text-align: justify;\"><a href=\"http:\/\/www.cla.cu\/clanuevo\/wp-content\/uploads\/2016\/06\/1.jpg\"><img class=\"alignleft wp-image-747 size-medium\" src=\"http:\/\/www.cla.cu\/clanuevo\/wp-content\/uploads\/2016\/06\/1-300x169.jpg\" alt=\"1\" width=\"300\" height=\"169\" \/><\/a>Este lunes 16 de diciembre, el colectivo del Centro de Ling\u00fc\u00edstica Aplicada recibi\u00f3 el <strong>Sello 70 Aniversario de la CTC<\/strong> de manos de los representantes del CITMA y del Sindicato de las Ciencias en la provincia, Dr. Pedro Beat\u00f3n Soler y Lic. Tania Medina Barrientos, respectivamente, en el acto de apertura de la <strong>Jornada<\/strong><strong>por el D\u00eda de la Ciencia Cubana<\/strong>, efectuado en la rotonda de Vista Alegre, junto al monumento de Jos\u00e9 Mar\u00eda Heredia.<\/p>\r\n<p style=\"text-align: justify;\">El galard\u00f3n constituye un reconocimiento a los \u00e9xitos alcanzados por los trabajadores de este centro en la obtenci\u00f3n y aplicaci\u00f3n de resultados investigativos dentro del campo de la ling\u00fc\u00edstica y en el cumplimiento de las tareas sindicales. El Dr. Giovanni Villal\u00f3n, director de Comunicaci\u00f3n de la Delegaci\u00f3n Territorial del CITMA, subray\u00f3 en su intervenci\u00f3n el compromiso con el pueblo que demuestra el colectivo homenajeado al introducir sistem\u00e1ticamente sus resultados cient\u00edficos en la pr\u00e1ctica social, a trav\u00e9s de diversas acciones de generalizaci\u00f3n, entre las que destacan las llamadas caravanas, de las cuales se desarrolla actualmente la IV edici\u00f3n, para llevar a todas las provincias del pa\u00eds cinco nuevos productos destinados a apoyar la ense\u00f1anza y a enriquecer el conocimiento del espa\u00f1ol en distintos niveles educacionales.<\/p>\r\n<p style=\"text-align: justify;\">Por su parte, el 15 de enero del 2014, en el acto de celebraci\u00f3n del <strong>D\u00eda de la Ciencia Cubana<\/strong>, los doctores Elo\u00edna Miyares Berm\u00fadez y Vitelio Ruiz Hern\u00e1ndez, recibieron tambi\u00e9n el <strong>Sello 70 Aniversario de la CTC<\/strong>, esta vez de manos de dirigentes del Comit\u00e9 Provincial de la CTC. Los mencionados investigadores fueron acreedores de ese reconocimiento por su vasta y extensa obra a favor de nuestra sociedad. <strong>(16 de diciembre de 2013 y 15 de enero del 2014).<\/strong><\/p>\r\n<a href=\"http:\/\/www.cla.cu\/clanuevo\/wp-content\/uploads\/2016\/06\/dia-ciencia-CIES-2014-9.jpg\"><img class=\"alignnone wp-image-343 size-medium\" src=\"http:\/\/www.cla.cu\/clanuevo\/wp-content\/uploads\/2016\/06\/dia-ciencia-CIES-2014-9-300x225.jpg\" alt=\"dia-ciencia-CIES-2014-9\" width=\"300\" height=\"225\" \/><\/a> <a href=\"http:\/\/www.cla.cu\/clanuevo\/wp-content\/uploads\/2016\/06\/dia-ciencia-CIES-2014-2.jpg\"><img class=\"alignnone wp-image-341 size-medium\" src=\"http:\/\/www.cla.cu\/clanuevo\/wp-content\/uploads\/2016\/06\/dia-ciencia-CIES-2014-2-300x226.jpg\" alt=\"dia-ciencia-CIES-2014-2\" width=\"300\" height=\"226\" \/><\/a> <a href=\"http:\/\/www.cla.cu\/clanuevo\/wp-content\/uploads\/2016\/06\/dia-ciencia-CIES-2014-10.jpg\"><img class=\"alignnone wp-image-344 size-medium\" src=\"http:\/\/www.cla.cu\/clanuevo\/wp-content\/uploads\/2016\/06\/dia-ciencia-CIES-2014-10-300x225.jpg\" alt=\"dia-ciencia-CIES-2014-10\" width=\"300\" height=\"225\" \/><\/a> <a href=\"http:\/\/www.cla.cu\/clanuevo\/wp-content\/uploads\/2016\/06\/dia-ciencia-CIES-2014-3.jpg\"><img class=\"alignnone wp-image-342 size-medium\" src=\"http:\/\/www.cla.cu\/clanuevo\/wp-content\/uploads\/2016\/06\/dia-ciencia-CIES-2014-3-300x225.jpg\" alt=\"dia-ciencia-CIES-2014-3\" width=\"300\" height=\"225\" \/><\/a>\r\n\r\n&nbsp;","protected":false},"excerpt":{"rendered":"<p>Este lunes 16 de diciembre, el colectivo del Centro de Ling\u00fc\u00edstica Aplicada recibi\u00f3 el Sello 70 Aniversario de la CTC de manos de los representantes del CITMA y del Sindicato de las Ciencias en la provincia, Dr. Pedro Beat\u00f3n Soler <a href=\"https:\/\/www.cla.cu\/clanuevo\/es\/entregan-sello-70-aniversario-de-la-ctc-al-centro-de-linguistica-aplicada-y-a-sus-fundadores\/\" class=\"read-more\">Seguir leyendo &#8230;<\/a><\/p>\n","protected":false},"author":1,"featured_media":0,"parent":0,"menu_order":0,"comment_status":"closed","ping_status":"closed","template":"","meta":[],"_links":{"self":[{"href":"https:\/\/www.cla.cu\/clanuevo\/es\/wp-json\/wp\/v2\/pages\/946"}],"collection":[{"href":"https:\/\/www.cla.cu\/clanuevo\/es\/wp-json\/wp\/v2\/pages"}],"about":[{"href":"https:\/\/www.cla.cu\/clanuevo\/es\/wp-json\/wp\/v2\/types\/page"}],"author":[{"embeddable":true,"href":"https:\/\/www.cla.cu\/clanuevo\/es\/wp-json\/wp\/v2\/users\/1"}],"replies":[{"embeddable":true,"href":"https:\/\/www.cla.cu\/clanuevo\/es\/wp-json\/wp\/v2\/comments?post=946"}],"version-history":[{"count":2,"href":"https:\/\/www.cla.cu\/clanuevo\/es\/wp-json\/wp\/v2\/pages\/946\/revisions"}],"predecessor-version":[{"id":1637,"href":"https:\/\/www.cla.cu\/clanuevo\/es\/wp-json\/wp\/v2\/pages\/946\/revisions\/1637"}],"wp:attachment":[{"href":"https:\/\/www.cla.cu\/clanuevo\/es\/wp-json\/wp\/v2\/media?parent=946"}],"curies":[{"name":"wp","href":"https:\/\/api.w.org\/{rel}","templated":true}]}}