{"id":614,"date":"2016-09-05T19:37:00","date_gmt":"2016-09-05T19:37:00","guid":{"rendered":"http:\/\/localhost\/wordpress\/?page_id=614"},"modified":"2019-05-27T15:19:42","modified_gmt":"2019-05-27T15:19:42","slug":"maria-rosa-alvarez-silva","status":"publish","type":"page","link":"https:\/\/www.cla.cu\/clanuevo\/es\/maria-rosa-alvarez-silva\/","title":{"rendered":"Maria Rosa Alvarez Silva"},"content":{"rendered":"<div class=\"art-PostContent\" style=\"text-align: justify;\">\r\n<div class=\"art-article\">\r\n<div class=\"field field-type-filefield field-field-foto\">\r\n<div class=\"field-items\">\r\n<div class=\"field-item odd\"><a href=\"http:\/\/www.cla.cu\/clanuevo\/wp-content\/uploads\/2016\/06\/Maria1_0.jpg\"><img class=\"alignnone wp-image-732\" src=\"http:\/\/www.cla.cu\/clanuevo\/wp-content\/uploads\/2016\/06\/Maria1_0.jpg\" alt=\"\" width=\"173\" height=\"131\" \/><\/a><\/div>\r\n<\/div>\r\n<\/div>\r\n<div class=\"field field-type-text field-field-email\">\r\n<div class=\"field-label\">Correo electr\u00f3nico:<\/div>\r\n<div class=\"field-items\">\r\n<div class=\"field-item odd\">\r\n\r\n<a href=\"mailto:mrosa@cla.ciges.inf.cu\" target=\"_blank\">mrosa@cla.ciges.inf.cu<\/a>\r\n\r\n<\/div>\r\n<\/div>\r\n<\/div>\r\nT\u00edtulos:\r\n<ul>\r\n\t<li>Licenciada en Sociolog\u00eda (2014)<\/li>\r\n\t<li>T\u00e9cnica en Ciencias Inform\u00e1ticas (2003)<\/li>\r\n\t<li>Expresi\u00f3n oral. Ingl\u00e9s (1996)<\/li>\r\n<\/ul>\r\nPrincipales cursos:\r\n<ul>\r\n\t<li>Taller de Lexicograf\u00eda ,\u00a0 enero de 2010<\/li>\r\n\t<li>Administrador de Redes, mayo 2010<\/li>\r\n\t<li>Elementos did\u00e1cticos para la asignatura de Espa\u00f1ol desde un enfoque basado en competencias, julio 2010<\/li>\r\n\t<li>La preparaci\u00f3n del maestro como figura central en la construcci\u00f3n\u00a0 de su identidad, para enaltecer la obra del magisterio en el siglo XXI, desde la asociaci\u00f3n de pedagogos, junio 2013<\/li>\r\n\t<li>Curso de Ingl\u00e9s, abril-mayo\/2016<\/li>\r\n\t<li>Curso presimposio, \u201cLengua, idelolog\u00eda y g\u00e9nero. Algunas pautas para acabar con los estereotipos de g\u00e9nero en la lengua\u201d, recibido en el XV Simposio Internacional de Comunicaci\u00f3n Social, enero 2017.<\/li>\r\n<\/ul>\r\nPrincipales proyectos:\r\n<ul>\r\n\t<li>Diccionario B\u00e1sico Escolar, 1996 \u2013 2000 (como t\u00e9cnica)<\/li>\r\n\t<li>Ep\u00edtome del Medio Ambiente (como t\u00e9cnica)<\/li>\r\n\t<li>Reconocedor de nombres de entidades para el espa\u00f1ol (como t\u00e9cnica)<\/li>\r\n\t<li>Edici\u00f3n del libro \u201cDesarrollo l\u00e9xico en escolares de primaria; ejercicios para su perfeccionamiento\u201d (como t\u00e9cnica)<\/li>\r\n\t<li>Edici\u00f3n del libro \u201cPrefijos y Sufijos. Ejercicios Pr\u00e1cticos.\u201d (como t\u00e9cnica)<\/li>\r\n\t<li>Edici\u00f3n del Diccionario Escolar Ilustrado, 2016<\/li>\r\n\t<li>Nueva edici\u00f3n de la Vacuna VAL-CUBA para el nivel primario, 2017<\/li>\r\n<\/ul>\r\nPrincipales publicaciones:\r\n<ul>\r\n\t<li>(2008) \u201cReconocedor de nombres de entidades para el espa\u00f1ol basado en expresiones regulares y aprendizaje autom\u00e1tico\u201d en Revista Electr\u00f3nica \u201cInnovaci\u00f3n Tecnol\u00f3gica y Ambiental del CITMA\u201d, Las Tunas, Cuba, (coautora.)<\/li>\r\n\t<li>Diccionario B\u00e1sico Escolar.\u00a0 2da, 3era y 4ta ediciones. Santiago de Cuba, Editorial Oriente. 2 tomos, (colaboradora)<\/li>\r\n\t<li>(2011): Desarrollo l\u00e9xico en escolares de primaria; ejercicios para su perfeccionamiento, Ediciones Ling\u00fc\u00edstica Aplicada, Santiago de Cuba (colaboradora).<\/li>\r\n\t<li>(2012) Ortograf\u00eda. Ejercicios m\u00faltiples. (colaboradora)<\/li>\r\n\t<li>(2012) Ponencia publicada en evento Univerciudad ISBN 978-959-18-0896-7 (digital, como coautora)<\/li>\r\n\t<li>(2015) Ponencia publicada en el XIV Simposio Internacional de Comunicaci\u00f3n Social Proyecto \u201cVocabulario disponible de los estudiantes de 9no grado en Santiago de Cuba\u201d, un monitoreo de la efectividad del sistema educativo cubano desde la l\u00e9xico-estad\u00edstica. (como coautora)<\/li>\r\n<\/ul>\r\n&nbsp;\r\n\r\nPrincipales eventos:\r\n<ul>\r\n\t<li>10 exposici\u00f3n Forjadores del Futuro, mayo 2002 (ponente, premio provincial)<\/li>\r\n\t<li>F\u00f3rum de Ciencia y T\u00e9cnica a nivel provincial, octubre 2004 (coautora, 2 ponencias presentadas con evaluaci\u00f3n de relevante<\/li>\r\n\t<li>Taller: Ciencia, Medio Ambiente, \u00c9tica y Sociedad, enero 2000 (ponente)<\/li>\r\n\t<li>ECOJOVEN, 2003<\/li>\r\n\t<li>CITECNIA 2008, VI Conferencia Provincial de Ciencias T\u00e9cnicas y Naturales en el Ministerio de Interior de Santiago de Cuba (ponente, 3<sup>er<\/sup> lugar)<\/li>\r\n\t<li>Univerciudad, 2012 (ponente)<\/li>\r\n\t<li>Evento T\u00e9cnico municipal del F\u00f3rum de Ciencia y T\u00e9cnica, 2012 (ponente)<\/li>\r\n\t<li>Evento cient\u00edfico municipal asociado al encuentro Cuba-M\u00e9xico, auspiciado por la asociaci\u00f3n de pedagogos de Cuba, junio 2013 (ponente)<\/li>\r\n<\/ul>\r\nOtros aspectos de inter\u00e9s:\r\n<ul>\r\n\t<li>Sello Forjadores del Futuro (2003)<\/li>\r\n\t<li>Destacada provincial del Sindicato de trabajadores de la Ciencia (2003)<\/li>\r\n\t<li>Edici\u00f3n de las ACTAS de los simposios internacionales de comunicaci\u00f3n social\u00a0 que se realizan cada dos a\u00f1os. Desde 2003 hasta 2017<\/li>\r\n\t<li>Distinci\u00f3n \u201cJuan Tom\u00e1s Roig\u201d (2017)<\/li>\r\n<\/ul>\r\n<\/div>\r\n<\/div>","protected":false},"excerpt":{"rendered":"<p>Correo electr\u00f3nico: mrosa@cla.ciges.inf.cu T\u00edtulos: Licenciada en Sociolog\u00eda (2014) T\u00e9cnica en Ciencias Inform\u00e1ticas (2003) Expresi\u00f3n oral. Ingl\u00e9s (1996) Principales cursos: Taller de Lexicograf\u00eda ,\u00a0 enero de 2010 Administrador de Redes, mayo 2010 Elementos did\u00e1cticos para la asignatura de Espa\u00f1ol desde un <a href=\"https:\/\/www.cla.cu\/clanuevo\/es\/maria-rosa-alvarez-silva\/\" class=\"read-more\">Seguir leyendo &#8230;<\/a><\/p>\n","protected":false},"author":1,"featured_media":0,"parent":0,"menu_order":0,"comment_status":"closed","ping_status":"closed","template":"","meta":[],"_links":{"self":[{"href":"https:\/\/www.cla.cu\/clanuevo\/es\/wp-json\/wp\/v2\/pages\/614"}],"collection":[{"href":"https:\/\/www.cla.cu\/clanuevo\/es\/wp-json\/wp\/v2\/pages"}],"about":[{"href":"https:\/\/www.cla.cu\/clanuevo\/es\/wp-json\/wp\/v2\/types\/page"}],"author":[{"embeddable":true,"href":"https:\/\/www.cla.cu\/clanuevo\/es\/wp-json\/wp\/v2\/users\/1"}],"replies":[{"embeddable":true,"href":"https:\/\/www.cla.cu\/clanuevo\/es\/wp-json\/wp\/v2\/comments?post=614"}],"version-history":[{"count":6,"href":"https:\/\/www.cla.cu\/clanuevo\/es\/wp-json\/wp\/v2\/pages\/614\/revisions"}],"predecessor-version":[{"id":1556,"href":"https:\/\/www.cla.cu\/clanuevo\/es\/wp-json\/wp\/v2\/pages\/614\/revisions\/1556"}],"wp:attachment":[{"href":"https:\/\/www.cla.cu\/clanuevo\/es\/wp-json\/wp\/v2\/media?parent=614"}],"curies":[{"name":"wp","href":"https:\/\/api.w.org\/{rel}","templated":true}]}}