{"id":243,"date":"2016-06-03T14:26:25","date_gmt":"2016-06-03T14:26:25","guid":{"rendered":"http:\/\/localhost\/wordpress\/?page_id=243"},"modified":"2018-06-15T13:37:13","modified_gmt":"2018-06-15T13:37:13","slug":"cursos","status":"publish","type":"page","link":"https:\/\/www.cla.cu\/clanuevo\/es\/cursos\/","title":{"rendered":"Cursos"},"content":{"rendered":"<div class=\"art-PostContent\">\r\n<div class=\"art-article\">\r\n<h2 style=\"text-align: justify;\">Cursos de Espa\u00f1ol para extranjeros<\/h2>\r\n<p style=\"text-align: justify;\">Desde 1998 el Centro de Ling\u00fc\u00edstica Aplicada imparte cursos de espa\u00f1ol a alumnos de diferentes universidades del mundo, los cuales, adem\u00e1s de pertrecharse con s\u00f3lidos conocimientos de la lengua espa\u00f1ola, tienen un acercamiento directo a la sociedad cubana, su cultura, historia y costumbres. El impacto de estos cursos se manifiesta en la presencia por diez a\u00f1os consecutivos de estudiantes de la Universidad de Manchester, Inglaterra y de numerosos estudiantes del espa\u00f1ol de otros lugares de Europa y EEUU.<\/p>\r\n<p style=\"text-align: justify;\">Nuestro Centro de Ling\u00fc\u00edstica Aplicada imparte cursos de <strong>Lengua Espa\u00f1ola y Cultura <\/strong><strong>Cubana\u00a0<\/strong>(de 4 meses) a estudiantes de pa\u00edses no hispanohablantes que ya dominan el espa\u00f1ol para que perfeccionen la lengua castellana y adquieran una cultura bastante extensa sobre Cuba.<\/p>\r\n<p style=\"text-align: justify;\"><strong>El programa abarca:<\/strong><\/p>\r\n<p style=\"text-align: justify;\">\u00b7\u00a0\u00a0\u00a0 Gram\u00e1tica del Espa\u00f1ol\r\n\u00b7\u00a0\u00a0\u00a0 Sintaxis del Espa\u00f1ol\r\n\u00b7\u00a0\u00a0\u00a0 Morfolog\u00eda del Espa\u00f1ol\r\n\u00b7\u00a0\u00a0\u00a0 Lexicolog\u00eda y Lexicograf\u00eda\r\n\u00b7\u00a0\u00a0\u00a0 Literatura Cubana\r\n\u00b7\u00a0\u00a0 Conferencias de especialistas de alto nivel sobre: Ling\u00fc\u00edstica Aplicada en Cuba, Historia de Cuba, Literatura Cubana, M\u00fasica en Cuba, \u00c1frica en Cuba, Educaci\u00f3n en Cuba, Flora y Fauna cubanas, Meteorolog\u00eda Cubana y Salud P\u00fablica en Cuba.<\/p>\r\n<p style=\"text-align: justify;\"><strong>Clases: de 14:00 a 17:00 horas:<\/strong><\/p>\r\n<p style=\"text-align: justify;\">\u00b7\u00a0\u00a0\u00a0 Lunes: clases\r\n\u00b7\u00a0\u00a0\u00a0 Martes: trabajo individual (redacci\u00f3n de ensayos sobre libros de autores cubanos que se env\u00edan a leer y a estudiar)\r\n\u00b7\u00a0\u00a0\u00a0 Mi\u00e9rcoles: clases\r\n\u00b7\u00a0\u00a0\u00a0 Jueves: conferencia de un especialista de alto nivel\r\n\u00b7\u00a0\u00a0\u00a0 Viernes: excursi\u00f3n a uno de los museos de Santiago de Cuba<\/p>\r\n<p style=\"text-align: justify;\">Al final del curso se entrega un <strong>Diploma Internacional<\/strong> en una actividad oficial de despedida.<\/p>\r\n<p style=\"text-align: justify;\">El hospedaje se realiza en casas de familia, donde se paga 15.00 CUC diarios por espacio de 4 meses.<\/p>\r\n<p style=\"text-align: justify;\">El precio por estudiante por el curso asciende a 600.00 CUC, 700.00 USD, 550.00 EUR.<\/p>\r\n<p style=\"text-align: justify;\">Total de horas del curso: 320.<\/p>\r\n<p style=\"text-align: justify;\">Las fechas del curso son: 1ro. de marzo - 30 de junio de cada a\u00f1o.<\/p>\r\n<p style=\"text-align: justify;\"><strong>Contacto:<\/strong><\/p>\r\n<p style=\"text-align: justify;\"><a href=\".\/clanuevo\/leonel-ruiz-miyares\/\" target=\"_blank\">Dr. Leonel Ruiz Miyares<\/a>\r\nDirector\r\nCentro de Ling\u00fc\u00edstica Aplicada\r\nCalle 9 Nr. 253 entre 10 y 12. Reparto Vista Alegre\r\nSantiago de Cuba. CUBA. C.P. 90400\r\nTel\u00e9fonos: (53-22) 646390, (53-22) 656910 ext. 102\r\nCorreo electronico: <a href=\"mailto:leonel@lingapli.ciges.inf.cu\">leonel@lingapli.ciges.inf.cu<\/a><\/p>\r\n\r\n<\/div>\r\n<\/div>","protected":false},"excerpt":{"rendered":"<p>Cursos de Espa\u00f1ol para extranjeros Desde 1998 el Centro de Ling\u00fc\u00edstica Aplicada imparte cursos de espa\u00f1ol a alumnos de diferentes universidades del mundo, los cuales, adem\u00e1s de pertrecharse con s\u00f3lidos conocimientos de la lengua espa\u00f1ola, tienen un acercamiento directo a <a href=\"https:\/\/www.cla.cu\/clanuevo\/es\/cursos\/\" class=\"read-more\">Seguir leyendo &#8230;<\/a><\/p>\n","protected":false},"author":1,"featured_media":0,"parent":0,"menu_order":0,"comment_status":"closed","ping_status":"closed","template":"","meta":[],"_links":{"self":[{"href":"https:\/\/www.cla.cu\/clanuevo\/es\/wp-json\/wp\/v2\/pages\/243"}],"collection":[{"href":"https:\/\/www.cla.cu\/clanuevo\/es\/wp-json\/wp\/v2\/pages"}],"about":[{"href":"https:\/\/www.cla.cu\/clanuevo\/es\/wp-json\/wp\/v2\/types\/page"}],"author":[{"embeddable":true,"href":"https:\/\/www.cla.cu\/clanuevo\/es\/wp-json\/wp\/v2\/users\/1"}],"replies":[{"embeddable":true,"href":"https:\/\/www.cla.cu\/clanuevo\/es\/wp-json\/wp\/v2\/comments?post=243"}],"version-history":[{"count":9,"href":"https:\/\/www.cla.cu\/clanuevo\/es\/wp-json\/wp\/v2\/pages\/243\/revisions"}],"predecessor-version":[{"id":1258,"href":"https:\/\/www.cla.cu\/clanuevo\/es\/wp-json\/wp\/v2\/pages\/243\/revisions\/1258"}],"wp:attachment":[{"href":"https:\/\/www.cla.cu\/clanuevo\/es\/wp-json\/wp\/v2\/media?parent=243"}],"curies":[{"name":"wp","href":"https:\/\/api.w.org\/{rel}","templated":true}]}}