{"id":992,"date":"2016-11-02T12:53:22","date_gmt":"2016-11-02T12:53:22","guid":{"rendered":"http:\/\/localhost\/wordpress\/?page_id=992"},"modified":"2016-11-02T12:53:22","modified_gmt":"2016-11-02T12:53:22","slug":"remanentes-linguisticos-africanos-en-el-espanol-de-la-ciudad-de-santiago-de-cuba","status":"publish","type":"page","link":"https:\/\/www.cla.cu\/clanuevo\/en\/remanentes-linguisticos-africanos-en-el-espanol-de-la-ciudad-de-santiago-de-cuba\/","title":{"rendered":"(Espa\u00f1ol) Remanentes ling\u00fc\u00edsticos africanos en el espa\u00f1ol de la ciudad de Santiago de Cuba"},"content":{"rendered":"<p class=\"qtranxs-available-languages-message qtranxs-available-languages-message-en\">Lo sentimos, esta entrada no se encuentra disponible<\/p>","protected":false},"excerpt":{"rendered":"<p>Lo sentimos, esta entrada no se encuentra disponible<\/p>\n","protected":false},"author":1,"featured_media":0,"parent":0,"menu_order":0,"comment_status":"closed","ping_status":"closed","template":"","meta":[],"_links":{"self":[{"href":"https:\/\/www.cla.cu\/clanuevo\/en\/wp-json\/wp\/v2\/pages\/992"}],"collection":[{"href":"https:\/\/www.cla.cu\/clanuevo\/en\/wp-json\/wp\/v2\/pages"}],"about":[{"href":"https:\/\/www.cla.cu\/clanuevo\/en\/wp-json\/wp\/v2\/types\/page"}],"author":[{"embeddable":true,"href":"https:\/\/www.cla.cu\/clanuevo\/en\/wp-json\/wp\/v2\/users\/1"}],"replies":[{"embeddable":true,"href":"https:\/\/www.cla.cu\/clanuevo\/en\/wp-json\/wp\/v2\/comments?post=992"}],"version-history":[{"count":1,"href":"https:\/\/www.cla.cu\/clanuevo\/en\/wp-json\/wp\/v2\/pages\/992\/revisions"}],"predecessor-version":[{"id":993,"href":"https:\/\/www.cla.cu\/clanuevo\/en\/wp-json\/wp\/v2\/pages\/992\/revisions\/993"}],"wp:attachment":[{"href":"https:\/\/www.cla.cu\/clanuevo\/en\/wp-json\/wp\/v2\/media?parent=992"}],"curies":[{"name":"wp","href":"https:\/\/api.w.org\/{rel}","templated":true}]}}