{"id":967,"date":"2016-11-01T19:49:45","date_gmt":"2016-11-01T19:49:45","guid":{"rendered":"http:\/\/localhost\/wordpress\/?page_id=967"},"modified":"2019-06-27T20:12:31","modified_gmt":"2019-06-27T20:12:31","slug":"investigador-del-cla-diserta-en-la-i-jornada-de-estudios-linguisticos-celebrada-en-la-habana-en-ocasion-de-los-30-anos-de-la-asociacion-de-linguistas-de-cuba","status":"publish","type":"page","link":"https:\/\/www.cla.cu\/clanuevo\/en\/investigador-del-cla-diserta-en-la-i-jornada-de-estudios-linguisticos-celebrada-en-la-habana-en-ocasion-de-los-30-anos-de-la-asociacion-de-linguistas-de-cuba\/","title":{"rendered":"(Espa\u00f1ol) Investigador del CLA diserta en la I Jornada de Estudios Ling\u00fc\u00edsticos, celebrada en La Habana, en ocasi\u00f3n de los 30 a\u00f1os de la Asociaci\u00f3n de Ling\u00fcistas de Cuba"},"content":{"rendered":"<p class=\"qtranxs-available-languages-message qtranxs-available-languages-message-en\">Lo sentimos, esta entrada no se encuentra disponible<\/p>","protected":false},"excerpt":{"rendered":"<p>Lo sentimos, esta entrada no se encuentra disponible<\/p>\n","protected":false},"author":1,"featured_media":0,"parent":0,"menu_order":0,"comment_status":"closed","ping_status":"closed","template":"","meta":[],"_links":{"self":[{"href":"https:\/\/www.cla.cu\/clanuevo\/en\/wp-json\/wp\/v2\/pages\/967"}],"collection":[{"href":"https:\/\/www.cla.cu\/clanuevo\/en\/wp-json\/wp\/v2\/pages"}],"about":[{"href":"https:\/\/www.cla.cu\/clanuevo\/en\/wp-json\/wp\/v2\/types\/page"}],"author":[{"embeddable":true,"href":"https:\/\/www.cla.cu\/clanuevo\/en\/wp-json\/wp\/v2\/users\/1"}],"replies":[{"embeddable":true,"href":"https:\/\/www.cla.cu\/clanuevo\/en\/wp-json\/wp\/v2\/comments?post=967"}],"version-history":[{"count":2,"href":"https:\/\/www.cla.cu\/clanuevo\/en\/wp-json\/wp\/v2\/pages\/967\/revisions"}],"predecessor-version":[{"id":1645,"href":"https:\/\/www.cla.cu\/clanuevo\/en\/wp-json\/wp\/v2\/pages\/967\/revisions\/1645"}],"wp:attachment":[{"href":"https:\/\/www.cla.cu\/clanuevo\/en\/wp-json\/wp\/v2\/media?parent=967"}],"curies":[{"name":"wp","href":"https:\/\/api.w.org\/{rel}","templated":true}]}}