{"id":965,"date":"2016-11-01T19:48:53","date_gmt":"2016-11-01T19:48:53","guid":{"rendered":"http:\/\/localhost\/wordpress\/?page_id=965"},"modified":"2019-06-27T20:12:13","modified_gmt":"2019-06-27T20:12:13","slug":"presidente-de-la-asociacion-nacional-de-ciegos-de-cuba-visita-el-centro-de-linguistica-aplicada","status":"publish","type":"page","link":"https:\/\/www.cla.cu\/clanuevo\/en\/presidente-de-la-asociacion-nacional-de-ciegos-de-cuba-visita-el-centro-de-linguistica-aplicada\/","title":{"rendered":"(Espa\u00f1ol) Presidente de la Asociaci\u00f3n Nacional de Ciegos de Cuba visita el Centro de Ling\u00fc\u00edstica Aplicada"},"content":{"rendered":"<p class=\"qtranxs-available-languages-message qtranxs-available-languages-message-en\">Lo sentimos, esta entrada no se encuentra disponible<\/p>","protected":false},"excerpt":{"rendered":"<p>Lo sentimos, esta entrada no se encuentra disponible<\/p>\n","protected":false},"author":1,"featured_media":0,"parent":0,"menu_order":0,"comment_status":"closed","ping_status":"closed","template":"","meta":[],"_links":{"self":[{"href":"https:\/\/www.cla.cu\/clanuevo\/en\/wp-json\/wp\/v2\/pages\/965"}],"collection":[{"href":"https:\/\/www.cla.cu\/clanuevo\/en\/wp-json\/wp\/v2\/pages"}],"about":[{"href":"https:\/\/www.cla.cu\/clanuevo\/en\/wp-json\/wp\/v2\/types\/page"}],"author":[{"embeddable":true,"href":"https:\/\/www.cla.cu\/clanuevo\/en\/wp-json\/wp\/v2\/users\/1"}],"replies":[{"embeddable":true,"href":"https:\/\/www.cla.cu\/clanuevo\/en\/wp-json\/wp\/v2\/comments?post=965"}],"version-history":[{"count":2,"href":"https:\/\/www.cla.cu\/clanuevo\/en\/wp-json\/wp\/v2\/pages\/965\/revisions"}],"predecessor-version":[{"id":1644,"href":"https:\/\/www.cla.cu\/clanuevo\/en\/wp-json\/wp\/v2\/pages\/965\/revisions\/1644"}],"wp:attachment":[{"href":"https:\/\/www.cla.cu\/clanuevo\/en\/wp-json\/wp\/v2\/media?parent=965"}],"curies":[{"name":"wp","href":"https:\/\/api.w.org\/{rel}","templated":true}]}}