{"id":959,"date":"2016-11-01T19:46:29","date_gmt":"2016-11-01T19:46:29","guid":{"rendered":"http:\/\/localhost\/wordpress\/?page_id=959"},"modified":"2019-06-27T20:08:10","modified_gmt":"2019-06-27T20:08:10","slug":"centro-de-linguistica-aplicada-recibe-certificado-de-excelencia-cientifica","status":"publish","type":"page","link":"https:\/\/www.cla.cu\/clanuevo\/en\/centro-de-linguistica-aplicada-recibe-certificado-de-excelencia-cientifica\/","title":{"rendered":"(Espa\u00f1ol) Centro de Ling\u00fc\u00edstica Aplicada recibe certificado de excelencia cient\u00edfica"},"content":{"rendered":"<p class=\"qtranxs-available-languages-message qtranxs-available-languages-message-en\">Lo sentimos, esta entrada no se encuentra disponible<\/p>","protected":false},"excerpt":{"rendered":"<p>Lo sentimos, esta entrada no se encuentra disponible<\/p>\n","protected":false},"author":1,"featured_media":0,"parent":0,"menu_order":0,"comment_status":"closed","ping_status":"closed","template":"","meta":[],"_links":{"self":[{"href":"https:\/\/www.cla.cu\/clanuevo\/en\/wp-json\/wp\/v2\/pages\/959"}],"collection":[{"href":"https:\/\/www.cla.cu\/clanuevo\/en\/wp-json\/wp\/v2\/pages"}],"about":[{"href":"https:\/\/www.cla.cu\/clanuevo\/en\/wp-json\/wp\/v2\/types\/page"}],"author":[{"embeddable":true,"href":"https:\/\/www.cla.cu\/clanuevo\/en\/wp-json\/wp\/v2\/users\/1"}],"replies":[{"embeddable":true,"href":"https:\/\/www.cla.cu\/clanuevo\/en\/wp-json\/wp\/v2\/comments?post=959"}],"version-history":[{"count":2,"href":"https:\/\/www.cla.cu\/clanuevo\/en\/wp-json\/wp\/v2\/pages\/959\/revisions"}],"predecessor-version":[{"id":1642,"href":"https:\/\/www.cla.cu\/clanuevo\/en\/wp-json\/wp\/v2\/pages\/959\/revisions\/1642"}],"wp:attachment":[{"href":"https:\/\/www.cla.cu\/clanuevo\/en\/wp-json\/wp\/v2\/media?parent=959"}],"curies":[{"name":"wp","href":"https:\/\/api.w.org\/{rel}","templated":true}]}}