{"id":954,"date":"2016-11-01T19:34:37","date_gmt":"2016-11-01T19:34:37","guid":{"rendered":"http:\/\/localhost\/wordpress\/?page_id=954"},"modified":"2019-06-27T20:07:31","modified_gmt":"2019-06-27T20:07:31","slug":"celebra-el-centro-de-linguistica-aplicada-forum-btj-brigadas-tecnicas-juveniles","status":"publish","type":"page","link":"https:\/\/www.cla.cu\/clanuevo\/en\/celebra-el-centro-de-linguistica-aplicada-forum-btj-brigadas-tecnicas-juveniles\/","title":{"rendered":"(Espa\u00f1ol) Celebra el Centro de Ling\u00fc\u00edstica Aplicada F\u00f3rum-BTJ (Brigadas T\u00e9cnicas Juveniles)"},"content":{"rendered":"<p class=\"qtranxs-available-languages-message qtranxs-available-languages-message-en\">Lo sentimos, esta entrada no se encuentra disponible<\/p>","protected":false},"excerpt":{"rendered":"<p>Lo sentimos, esta entrada no se encuentra disponible<\/p>\n","protected":false},"author":1,"featured_media":0,"parent":0,"menu_order":0,"comment_status":"closed","ping_status":"closed","template":"","meta":[],"_links":{"self":[{"href":"https:\/\/www.cla.cu\/clanuevo\/en\/wp-json\/wp\/v2\/pages\/954"}],"collection":[{"href":"https:\/\/www.cla.cu\/clanuevo\/en\/wp-json\/wp\/v2\/pages"}],"about":[{"href":"https:\/\/www.cla.cu\/clanuevo\/en\/wp-json\/wp\/v2\/types\/page"}],"author":[{"embeddable":true,"href":"https:\/\/www.cla.cu\/clanuevo\/en\/wp-json\/wp\/v2\/users\/1"}],"replies":[{"embeddable":true,"href":"https:\/\/www.cla.cu\/clanuevo\/en\/wp-json\/wp\/v2\/comments?post=954"}],"version-history":[{"count":3,"href":"https:\/\/www.cla.cu\/clanuevo\/en\/wp-json\/wp\/v2\/pages\/954\/revisions"}],"predecessor-version":[{"id":1641,"href":"https:\/\/www.cla.cu\/clanuevo\/en\/wp-json\/wp\/v2\/pages\/954\/revisions\/1641"}],"wp:attachment":[{"href":"https:\/\/www.cla.cu\/clanuevo\/en\/wp-json\/wp\/v2\/media?parent=954"}],"curies":[{"name":"wp","href":"https:\/\/api.w.org\/{rel}","templated":true}]}}