{"id":948,"date":"2016-11-01T19:27:27","date_gmt":"2016-11-01T19:27:27","guid":{"rendered":"http:\/\/localhost\/wordpress\/?page_id=948"},"modified":"2019-06-27T20:04:40","modified_gmt":"2019-06-27T20:04:40","slug":"emprende-el-centro-de-linguistica-aplicada-su-iv-caravana-cientifica-nacional","status":"publish","type":"page","link":"https:\/\/www.cla.cu\/clanuevo\/en\/emprende-el-centro-de-linguistica-aplicada-su-iv-caravana-cientifica-nacional\/","title":{"rendered":"(Espa\u00f1ol) Emprende el Centro de Ling\u00fc\u00edstica Aplicada su IV Caravana Cient\u00edfica Nacional"},"content":{"rendered":"<p class=\"qtranxs-available-languages-message qtranxs-available-languages-message-en\">Lo sentimos, esta entrada no se encuentra disponible<\/p>","protected":false},"excerpt":{"rendered":"<p>Lo sentimos, esta entrada no se encuentra disponible<\/p>\n","protected":false},"author":1,"featured_media":0,"parent":0,"menu_order":0,"comment_status":"closed","ping_status":"closed","template":"","meta":[],"_links":{"self":[{"href":"https:\/\/www.cla.cu\/clanuevo\/en\/wp-json\/wp\/v2\/pages\/948"}],"collection":[{"href":"https:\/\/www.cla.cu\/clanuevo\/en\/wp-json\/wp\/v2\/pages"}],"about":[{"href":"https:\/\/www.cla.cu\/clanuevo\/en\/wp-json\/wp\/v2\/types\/page"}],"author":[{"embeddable":true,"href":"https:\/\/www.cla.cu\/clanuevo\/en\/wp-json\/wp\/v2\/users\/1"}],"replies":[{"embeddable":true,"href":"https:\/\/www.cla.cu\/clanuevo\/en\/wp-json\/wp\/v2\/comments?post=948"}],"version-history":[{"count":2,"href":"https:\/\/www.cla.cu\/clanuevo\/en\/wp-json\/wp\/v2\/pages\/948\/revisions"}],"predecessor-version":[{"id":1640,"href":"https:\/\/www.cla.cu\/clanuevo\/en\/wp-json\/wp\/v2\/pages\/948\/revisions\/1640"}],"wp:attachment":[{"href":"https:\/\/www.cla.cu\/clanuevo\/en\/wp-json\/wp\/v2\/media?parent=948"}],"curies":[{"name":"wp","href":"https:\/\/api.w.org\/{rel}","templated":true}]}}