{"id":946,"date":"2016-11-01T19:22:43","date_gmt":"2016-11-01T19:22:43","guid":{"rendered":"http:\/\/localhost\/wordpress\/?page_id=946"},"modified":"2019-06-27T20:00:29","modified_gmt":"2019-06-27T20:00:29","slug":"entregan-sello-70-aniversario-de-la-ctc-al-centro-de-linguistica-aplicada-y-a-sus-fundadores","status":"publish","type":"page","link":"https:\/\/www.cla.cu\/clanuevo\/en\/entregan-sello-70-aniversario-de-la-ctc-al-centro-de-linguistica-aplicada-y-a-sus-fundadores\/","title":{"rendered":"(Espa\u00f1ol) Entregan Sello 70 Aniversario de la CTC al Centro de Ling\u00fc\u00edstica Aplicada y a sus fundadores"},"content":{"rendered":"<p class=\"qtranxs-available-languages-message qtranxs-available-languages-message-en\">Lo sentimos, esta entrada no se encuentra disponible<\/p>","protected":false},"excerpt":{"rendered":"<p>Lo sentimos, esta entrada no se encuentra disponible<\/p>\n","protected":false},"author":1,"featured_media":0,"parent":0,"menu_order":0,"comment_status":"closed","ping_status":"closed","template":"","meta":[],"_links":{"self":[{"href":"https:\/\/www.cla.cu\/clanuevo\/en\/wp-json\/wp\/v2\/pages\/946"}],"collection":[{"href":"https:\/\/www.cla.cu\/clanuevo\/en\/wp-json\/wp\/v2\/pages"}],"about":[{"href":"https:\/\/www.cla.cu\/clanuevo\/en\/wp-json\/wp\/v2\/types\/page"}],"author":[{"embeddable":true,"href":"https:\/\/www.cla.cu\/clanuevo\/en\/wp-json\/wp\/v2\/users\/1"}],"replies":[{"embeddable":true,"href":"https:\/\/www.cla.cu\/clanuevo\/en\/wp-json\/wp\/v2\/comments?post=946"}],"version-history":[{"count":2,"href":"https:\/\/www.cla.cu\/clanuevo\/en\/wp-json\/wp\/v2\/pages\/946\/revisions"}],"predecessor-version":[{"id":1637,"href":"https:\/\/www.cla.cu\/clanuevo\/en\/wp-json\/wp\/v2\/pages\/946\/revisions\/1637"}],"wp:attachment":[{"href":"https:\/\/www.cla.cu\/clanuevo\/en\/wp-json\/wp\/v2\/media?parent=946"}],"curies":[{"name":"wp","href":"https:\/\/api.w.org\/{rel}","templated":true}]}}