{"id":598,"date":"2016-09-05T19:19:31","date_gmt":"2016-09-05T19:19:31","guid":{"rendered":"http:\/\/localhost\/wordpress\/?page_id=598"},"modified":"2018-09-26T19:43:00","modified_gmt":"2018-09-26T19:43:00","slug":"mileidis-quintana-polanco","status":"publish","type":"page","link":"https:\/\/www.cla.cu\/clanuevo\/en\/mileidis-quintana-polanco\/","title":{"rendered":"Mileidis Quintana Polanco"},"content":{"rendered":"<div class=\"art-PostContent\">\r\n<div class=\"art-article\">\r\n<div class=\"art-PostContent\">\r\n<div class=\"art-article\">\r\n<div class=\"art-PostContent\">\r\n<div class=\"art-article\">\r\n<div class=\"field field-type-text field-field-email\">\r\n<div class=\"field-label\" style=\"text-align: justify;\"><a href=\"http:\/\/www.cla.cu\/clanuevo\/wp-content\/uploads\/2016\/11\/DSCN3430.jpg\"><img class=\"alignnone wp-image-972\" src=\"http:\/\/www.cla.cu\/clanuevo\/wp-content\/uploads\/2016\/11\/DSCN3430-300x282.jpg\" alt=\"\" width=\"157\" height=\"148\" \/><\/a><\/div>\r\n<div class=\"field-label\" style=\"text-align: justify;\">E-mail:<\/div>\r\n<div class=\"field-items\" style=\"text-align: justify;\">\r\n<div class=\"field-item odd\">\r\n\r\n<a href=\"mailto:mileidis@cla.ciges.inf.cu\">mileidis@cla.ciges.inf.cu<\/a>\r\n\r\n<\/div>\r\n<\/div>\r\n<\/div>\r\n<div class=\"field field-type-text field-field-titulo-anno\" style=\"text-align: justify;\">\r\n<div class=\"field-label\">Qualifications:<\/div>\r\n<div class=\"field-items\">\r\n<div class=\"field-item odd\">\r\n<ul>\r\n\t<li>- Bachelor of Arts in Philology, 1993<\/li>\r\n\t<li>- Master in Social Sciences and Marti's Thought, 2006<\/li>\r\n\t<li>- Adjunct Researcher, 2008<\/li>\r\n<\/ul>\r\n<\/div>\r\n<\/div>\r\n<\/div>\r\n<div class=\"field field-type-text field-field-main-project\" style=\"text-align: justify;\">\r\n<div class=\"field-label\">Completed Research Works:<\/div>\r\n<div class=\"field-items\">\r\n<div class=\"field-item odd\">\r\n<ul>\r\n\t<li>- Medici\u00f3n del Impacto de los Programas de la Revoluci\u00f3n en el l\u00e9xico de los escolares del Municipio Guam\u00e1.<\/li>\r\n<\/ul>\r\n<\/div>\r\n<\/div>\r\n<\/div>\r\n<div class=\"field field-type-text field-field-main-publication\" style=\"text-align: justify;\">\r\n<div class=\"field-label\">Publications:<\/div>\r\n<div class=\"field-items\">\r\n<div class=\"field-item odd\">\r\n<ul>\r\n\t<li>- Propuesta de una herramienta lexicogr\u00e1fica para la utilizaci\u00f3n de los cuadernos martianos de la ense\u00f1anza martiana.<\/li>\r\n\t<li>- La riqueza lexica de los escolares guamenses.<\/li>\r\n<\/ul>\r\n<\/div>\r\n<\/div>\r\n<\/div>\r\n<div class=\"field field-type-text field-field-main-event\" style=\"text-align: justify;\">\r\n<div class=\"field-label\">Participation in scientific conferences:<\/div>\r\n<div class=\"field-items\">\r\n<div class=\"field-item odd\">\r\n<ul>\r\n\t<li>- X Simposio Internaiconal de Comunicaci\u00f3n Social<\/li>\r\n<\/ul>\r\n<\/div>\r\n<\/div>\r\n<\/div>\r\n<div class=\"field field-type-text field-field-other-interest\">\r\n<div class=\"field-label\" style=\"text-align: justify;\">Additional Information:<\/div>\r\n<div class=\"field-items\">\r\n<div class=\"field-item odd\">\r\n<ul>\r\n\t<li style=\"text-align: justify;\">- Invitada en el 1er Taller Jos\u00e9 Mart\u00ed y la cultura universal auspiciado por la Oficina Nacional del Programa Martiano.<\/li>\r\n\t<li style=\"text-align: justify;\">- Tribunal en el Concurso de Ortograf\u00eda Integral, realizada por el d\u00eda del idioma.<\/li>\r\n<\/ul>\r\n<\/div>\r\n<\/div>\r\n<\/div>\r\n<\/div>\r\n<\/div>\r\n<\/div>\r\n<\/div>\r\n<\/div>\r\n<\/div>","protected":false},"excerpt":{"rendered":"<p>E-mail: mileidis@cla.ciges.inf.cu Qualifications: &#8211; Bachelor of Arts in Philology, 1993 &#8211; Master in Social Sciences and Marti&#8217;s Thought, 2006 &#8211; Adjunct Researcher, 2008 Completed Research Works: &#8211; Medici\u00f3n del Impacto de los Programas de la Revoluci\u00f3n en el l\u00e9xico de <a href=\"https:\/\/www.cla.cu\/clanuevo\/en\/mileidis-quintana-polanco\/\" class=\"read-more\">Seguir leyendo &#8230;<\/a><\/p>\n","protected":false},"author":1,"featured_media":0,"parent":0,"menu_order":0,"comment_status":"closed","ping_status":"closed","template":"","meta":[],"_links":{"self":[{"href":"https:\/\/www.cla.cu\/clanuevo\/en\/wp-json\/wp\/v2\/pages\/598"}],"collection":[{"href":"https:\/\/www.cla.cu\/clanuevo\/en\/wp-json\/wp\/v2\/pages"}],"about":[{"href":"https:\/\/www.cla.cu\/clanuevo\/en\/wp-json\/wp\/v2\/types\/page"}],"author":[{"embeddable":true,"href":"https:\/\/www.cla.cu\/clanuevo\/en\/wp-json\/wp\/v2\/users\/1"}],"replies":[{"embeddable":true,"href":"https:\/\/www.cla.cu\/clanuevo\/en\/wp-json\/wp\/v2\/comments?post=598"}],"version-history":[{"count":5,"href":"https:\/\/www.cla.cu\/clanuevo\/en\/wp-json\/wp\/v2\/pages\/598\/revisions"}],"predecessor-version":[{"id":1359,"href":"https:\/\/www.cla.cu\/clanuevo\/en\/wp-json\/wp\/v2\/pages\/598\/revisions\/1359"}],"wp:attachment":[{"href":"https:\/\/www.cla.cu\/clanuevo\/en\/wp-json\/wp\/v2\/media?parent=598"}],"curies":[{"name":"wp","href":"https:\/\/api.w.org\/{rel}","templated":true}]}}