{"id":592,"date":"2016-09-05T19:18:21","date_gmt":"2016-09-05T19:18:21","guid":{"rendered":"http:\/\/localhost\/wordpress\/?page_id=592"},"modified":"2018-09-26T19:35:41","modified_gmt":"2018-09-26T19:35:41","slug":"nancy-cristina-alamo-suarez","status":"publish","type":"page","link":"https:\/\/www.cla.cu\/clanuevo\/en\/nancy-cristina-alamo-suarez\/","title":{"rendered":"Nancy Cristina \u00c1lamo Su\u00e1rez"},"content":{"rendered":"<div class=\"art-PostContent\">\r\n<div class=\"art-article\">\r\n<div class=\"field field-type-filefield field-field-foto\">\r\n<div class=\"field-items\">\r\n<div class=\"field-item odd\"><a href=\"http:\/\/www.cla.cu\/clanuevo\/wp-content\/uploads\/2016\/06\/nancy1_0.jpg\"><img class=\"alignnone wp-image-736\" src=\"http:\/\/www.cla.cu\/clanuevo\/wp-content\/uploads\/2016\/06\/nancy1_0.jpg\" alt=\"\" width=\"109\" height=\"160\" \/><\/a><\/div>\r\n<\/div>\r\n<\/div>\r\n<div class=\"field field-type-text field-field-email\">\r\n<div class=\"field-label\" style=\"text-align: justify;\">E-mail:<\/div>\r\n<div class=\"field-items\" style=\"text-align: justify;\">\r\n<div class=\"field-item odd\">\r\n\r\n<a href=\"mailto:alamo@cla.ciges.inf.cu\">alamo@cla.ciges.inf.cu<\/a>\r\n\r\n<\/div>\r\n<\/div>\r\n<\/div>\r\n<div class=\"field field-type-text field-field-titulo-anno\" style=\"text-align: justify;\">\r\n<div class=\"field-label\">Qualifications:<\/div>\r\n<div class=\"field-items\">\r\n<div class=\"field-item odd\">\r\n<ul>\r\n\t<li>- High School Teacher, 1970<\/li>\r\n\t<li>- Senior High School Teacher, 1981<\/li>\r\n\t<li>- Associate Researcher, 1989<\/li>\r\n<\/ul>\r\n<\/div>\r\n<\/div>\r\n<\/div>\r\n<div class=\"field field-type-text field-field-main-course\" style=\"text-align: justify;\">\r\n<div class=\"field-label\">Post-graduate Courses Taught:<\/div>\r\n<div class=\"field-items\">\r\n<div class=\"field-item odd\">\r\n<ul>\r\n\t<li class=\"rtejustify\">- Desde 1970 hasta 1984 imparti\u00f3 clases de Espa\u00f1ol y de Literatura a estudiantes del nivel preuniversitario.<\/li>\r\n\t<li class=\"rtejustify\">- Cursos de Ling\u00fc\u00edstica para la formaci\u00f3n de locutores del ICRT, 1986_1988.<\/li>\r\n\t<li class=\"rtejustify\">- Talleres de Ling\u00fc\u00edstica Aplicada a profesores y metod\u00f3logos del MINED, desde 1986 hasta 1993.<\/li>\r\n\t<li class=\"rtejustify\">- Cursos de Ortograf\u00eda a oficinistas del CITMA.1989.<\/li>\r\n\t<li class=\"rtejustify\">- Curso de\u00a0 Ling\u00fc\u00edstica para el perfeccionamiento\u00a0 y formaci\u00f3n\u00a0 de locutores del ICRT, 1990.<\/li>\r\n\t<li class=\"rtejustify\">- Curso de posgrado (Ling\u00fc\u00edstica Aplicada): Elementos generales de Morfosintaxis. Instituto de Literatura y Ling\u00fc\u00edstica, 1991.<\/li>\r\n\t<li class=\"rtejustify\">- Curso de Ortograf\u00eda y Redacci\u00f3n a j\u00f3venes del MININT, 2001.<\/li>\r\n\t<li class=\"rtejustify\">- Curso de Ortograf\u00eda\u00a0 y Redacci\u00f3n a investigadores del Centro de Ingenier\u00eda de Transporte, 2004.<\/li>\r\n\t<li class=\"rtejustify\">- Curso de postgrado (Ling\u00fc\u00edstica Aplicada): Morfosintaxis. Instituto de Literatura y Ling\u00fc\u00edstica, 1992.<\/li>\r\n\t<li class=\"rtejustify\">- Curso de postgrado: Lexicolog\u00eda y Lexicograf\u00eda Actuales. CITMA, 1995.<\/li>\r\n\t<li class=\"rtejustify\">- Curso de Ortograf\u00eda y Redacci\u00f3n a investigadores y t\u00e9cnicos del CITMA.<\/li>\r\n\t<li class=\"rtejustify\">- Cursos Ense\u00f1anza de Espa\u00f1ol para Extranjeros: Curso de Redacci\u00f3n (1998 \u2013 2007, m\u00e1s de 60 cursos).<\/li>\r\n\t<li class=\"rtejustify\">- Cursos Ense\u00f1anza de Espa\u00f1ol para Extranjeros: Curso de Gram\u00e1tica (1998 \u2013 2007, m\u00e1s de 60 cursos).<\/li>\r\n\t<li class=\"rtejustify\">- Cursos Ense\u00f1anza de Espa\u00f1ol para Extranjeros: Curso de Literatura Cubana (1998 \u2013 2007, m\u00e1s de 60 cursos).<\/li>\r\n\t<li class=\"rtejustify\">- Curso de Gram\u00e1tica Espa\u00f1ola a estudiantes de la carrera de Comunicaci\u00f3n Social. Modelo Pedag\u00f3gico universalizaci\u00f3n en la Universidad de\u00a0 Oriente.<\/li>\r\n\t<li class=\"rtejustify\">- Curso de Redacci\u00f3n y Estilo I a estudiantes de la carrera de Comunicaci\u00f3n Social. Modelo Pedag\u00f3gico universalizaci\u00f3n en la Universidad de\u00a0 Oriente.<\/li>\r\n\t<li class=\"rtejustify\">- Curso de Fon\u00e9tica y Fonolog\u00eda, Departamento de Ling\u00fc\u00edstica Aplicada, 1983.<\/li>\r\n<\/ul>\r\n<\/div>\r\n<\/div>\r\n<\/div>\r\n<div class=\"field field-type-text field-field-main-project\" style=\"text-align: justify;\">\r\n<div class=\"field-label\">Completed Research Works:<\/div>\r\n<div class=\"field-items\">\r\n<div class=\"field-item odd\">\r\n<ul>\r\n\t<li>- Aplicaci\u00f3n de una metodolog\u00eda para el mejoramiento de la expresi\u00f3n oral en estudiantes de ense\u00f1anza general en la provincia Santiago de Cuba, 1985-1990.<\/li>\r\n\t<li>- Los fonemas distensivos\u00a0 \/s\/, \/r\/ y \/l\/ en alumnos de preuniversitario urbano y rural de la provincia Santiago de Cuba, 1986.<\/li>\r\n\t<li>- Aproximaci\u00f3n al esquema r\u00edtmico\u2011acentual de los locutores de Santiago de Cuba, 1990.<\/li>\r\n\t<li>- Aplicaci\u00f3n de dos metodolog\u00edas para elevar la cultura f\u00f3nica del habla en alumnos de ense\u00f1anza general del municipio Santiago de Cuba, 1990 - 1991.<\/li>\r\n\t<li>- Estudio del vocabulario activo del escolar cubano, 1991 - 1997.<\/li>\r\n\t<li>- Diccionario Escolar Ilustrado, 1992 \u2013 1995.<\/li>\r\n\t<li>- Diccionario Escolar Computadorizado, 1993.<\/li>\r\n\t<li>- Caracterizaci\u00f3n dialectal de la provincia Santiago de Cuba con vistas a conformar el Atlas de la provincia, 1995.<\/li>\r\n\t<li>- Aplicaci\u00f3n de la metodolog\u00eda ortogr\u00e1fica <strong>Vacuna ortogr\u00e1fica VAL-CUBA<\/strong> (nivel primario), 1995 - 1998.<\/li>\r\n\t<li>- Diccionario B\u00e1sico Escolar, 1996 - 2000.<\/li>\r\n\t<li>- Vacuna ortogr\u00e1fica VAL-CUBA\u00a0 para Secundaria B\u00e1sica, 1998 - 2000.<\/li>\r\n\t<li>- Glosario de Medio Ambiente, 1999 - 2001.<\/li>\r\n\t<li>- Edici\u00f3n del L\u00e9xico Activo Funcional del Escolar Cubano, 2002.<\/li>\r\n\t<li>- Diccionario B\u00e1sico Caribe\u00f1o, 2002-2004<\/li>\r\n\t<li>- Estudio del uso de la afijaci\u00f3n en escolares de 4to, 5to y 6to grados de ense\u00f1anza primaria del municipio Santiago de Cuba. Propuesta metodol\u00f3gica de ejercicios para su desarrollo, 2002-2004.<\/li>\r\n\t<li>- Estudio de la morfolog\u00eda derivativa en los textos destinados a los escolares de Secundaria B\u00e1sica. Propuesta de una estrategia - metodol\u00f3gica para enriquecer el vocabulario e integrar los distintos componentes de la lengua, 2005 \u2013 2008.<\/li>\r\n\t<li>- Edici\u00f3n de la obra Prefijos y sufijos. Ejercicios pr\u00e1cticos.<\/li>\r\n\t<li>- Multimedia interactiva para el desarrollo del vocabulario en los escolares de ense\u00f1anza primaria y secundaria.<\/li>\r\n<\/ul>\r\n<\/div>\r\n<\/div>\r\n<\/div>\r\n<div class=\"field field-type-text field-field-main-publication\" style=\"text-align: justify;\">\r\n<div class=\"field-label\">Publications:<\/div>\r\n<div class=\"field-items\">\r\n<div class=\"field-item odd\">\r\n<ul>\r\n\t<li class=\"rtejustify\">- Los fonemas \/s\/, \/r\/ y \/l\/ distensivos en estudiantes de preuniversitario urbano y rural de la provincia Santiago de Cuba, Anuario L\/L # 16, (coautora), 1985.<\/li>\r\n\t<li class=\"rtejustify\">- Consideraciones acerca de la aplicaci\u00f3n de un plan experimental para el desarrollo de la expresi\u00f3n oral a auxiliares pedag\u00f3gicas y educadoras de c\u00edrculos infantiles Santiago de Cuba, Bolet\u00edn de Comunicaci\u00f3n Social #2 (autora), 1988.<\/li>\r\n\t<li class=\"rtejustify\">- Uso de algunas preposiciones en estudiantes de Secundaria B\u00e1sica de Santiago de Cuba. Bolet\u00edn de Comunicaci\u00f3n Social #3 (autora), 1989.<\/li>\r\n\t<li class=\"rtejustify\">- Variantes l\u00e9xicas vegetales, \u00fatiles de cocina, animales, alimentos, vestuario y otros Mapa del atlas de la provincia Santiago de Cuba (coautora), Atlas de la provincia Santiago de Cuba, 1989.<\/li>\r\n\t<li class=\"rtejustify\">- Aproximaci\u00f3n al uso de adverbios por estudiantes de Secundaria B\u00e1sica. Bolet\u00edn de Comunicaci\u00f3n Social extraordinario, 4 y 5 (autora), 1990.<\/li>\r\n\t<li class=\"rtejustify\">- Aproximaci\u00f3n al estudio de algunos top\u00f3nimos\u00a0 cubanos en la obra de Fernando Ortiz. Estudios de Comunicaci\u00f3n Social #1 (coautora), 1994.<\/li>\r\n\t<li class=\"rtejustify\">- El Diccionario Escolar Cubano. Caracter\u00edsticas generales. Estudios de Comunicaci\u00f3n Social #2 1995.<\/li>\r\n\t<li class=\"rtejustify\">- Diccionario Escolar Ilustrado, Instituto Cubano del Libro, Editorial Oriente y Ediciones Libertarias (Madrid) (coautora) 1997.<\/li>\r\n\t<li class=\"rtejustify\">- Juegos did\u00e1cticos computadorizados para la ense\u00f1anza de la lengua en el 2do ciclo del nivel primario Memorias V Simposio de Comunicaci\u00f3n Social (autora), 1997.<\/li>\r\n\t<li class=\"rtejustify\">- Algunos recursos morfol\u00f3gicos presentes en los adjetivos calificativos empleados por los estudiantes de 4to, 5to y 6to grados de ense\u00f1anza primaria. Memorias V Simposio de Comunicaci\u00f3n Social (autora), 1997.<\/li>\r\n\t<li class=\"rtejustify\">- Elementos caracterizadores del uso de adjetivos por los ni\u00f1os de 2do, 3ro y 4to grados de\u00a0 la ense\u00f1anza primariaEstudios de - Comunicaci\u00f3n Social #3 (coautora), 1997.<\/li>\r\n\t<li class=\"rtejustify\">- Acercamiento al an\u00e1lisis de textos escritos por alumnos de ense\u00f1anza primaria: elementos que propician la comunicaci\u00f3n. Actas VI Simposio Internacional de Comunicaci\u00f3n Social (coautora), 1999.<\/li>\r\n\t<li class=\"rtejustify\">- Glosario del medio ambiente. Investigaci\u00f3n ling\u00fc\u00edstico-ambiental. Actas I, VI Simposio Internacional de Comunicaci\u00f3n Social (coautora), 1999.<\/li>\r\n\t<li class=\"rtejustify\">- El Diccionario B\u00e1sico Escolar. Caracter\u00edsticas,\u00a0 Actas I del VII Simposio Internacional de Comunicaci\u00f3n Social (autora), 2001.<\/li>\r\n\t<li class=\"rtejustify\">- Los adjetivos que expresan dimensi\u00f3n en el vocabulario activo de nuestros escolares, Actas Conferencia ling\u00fc\u00edstico-literaria, UO (autora), 2002.<\/li>\r\n\t<li class=\"rtejustify\">- Sobre el corpus de t\u00e9rminos afijados presentes en los libros de textos destinados a los escolares de ense\u00f1anza primaria Actas I,\u00a0 VIII Simposio Internacional de Comunicaci\u00f3n Social (autora), 2003.<\/li>\r\n\t<li class=\"rtejustify\">- Diccionario B\u00e1sico Escolar, Editorial Academia. Centro de Ling\u00fc\u00edstica Aplicada, Santiago de Cuba, (coautora), 2003.<\/li>\r\n\t<li class=\"rtejustify\">- Propuesta de ejercicios para el uso de vocablos afijados en escolares de 4to y 5to grados de ense\u00f1anza primaria. CD del evento provincial Pedagog\u00eda 2005<\/li>\r\n\t<li class=\"rtejustify\">- Diccionario B\u00e1sico Escolar, Versi\u00f3n electr\u00f3nica. Centro de Ling\u00fc\u00edstica Aplicada, Santiago de Cuba, (coautora), 2005.<\/li>\r\n\t<li class=\"rtejustify\">- El empleo de \u00a0afijos en escolares de 4to, 5to y 6to grados de ense\u00f1anza primaria. Resultados.Actas I,\u00a0 IX Simposio Internacional de Comunicaci\u00f3n Social (autora), 2005.<\/li>\r\n\t<li class=\"rtejustify\">- L\u00e9xico Activo Funcional del Escolar Cubano<strong>, <\/strong>Centro de Ling\u00fc\u00edstica Aplicada, Santiago de Cuba, (coautora), 2006.<\/li>\r\n\t<li class=\"rtejustify\">- Ortograf\u00eda Integral,\u00a0 Centro de Ling\u00fc\u00edstica Aplicada, Santiago de Cuba, (coautora), 2006.<\/li>\r\n\t<li class=\"rtejustify\">- A prop\u00f3sito de algunas palabras de usos no frecuentes registradas en los textos escolares para la ense\u00f1anza Secundaria B\u00e1sica.Actas I,\u00a0 X Simposio Internacional de Comunicaci\u00f3n Social (autora), 2007<\/li>\r\n\t<li class=\"rtejustify\">- A multiligual aplication for automated essay scoring advances in artificial intelligence, en Actas XI Conferencia Iberoamericana de Inteligencia Artificial (coautora), 2008<\/li>\r\n\t<li class=\"rtejustify\">- Una estrategia de ejercicios did\u00e1cticos para el nivel Secundaria B\u00e1sica dirigida a enriquecer el vocabulario y favorecer la comprensi\u00f3n de los textos escolares,XI Simposio Internacional de Comunicaci\u00f3n Social (autora), 2009<\/li>\r\n\t<li class=\"rtejustify\">- Caracterizaci\u00f3n de algunos sufijos formadores de sustantivos y adjetivos integrantes de un corpus de textos escolares. XII Simposio Internacional de Comunicaci\u00f3n Social (autora), 2011.<\/li>\r\n\t<li class=\"rtejustify\">- Prefijos y sufijos. Ejercicios pr\u00e1cticos. Ediciones Centro de Ling\u00fc\u00edstica Aplicada, Santiago de Cuba, (autora), 2011.<\/li>\r\n<\/ul>\r\n<\/div>\r\n<\/div>\r\n<\/div>\r\n<div class=\"field field-type-text field-field-main-event\" style=\"text-align: justify;\">\r\n<div class=\"field-label\">Participation in scientific conferences:<\/div>\r\n<div class=\"field-items\">\r\n<div class=\"field-item odd\">\r\n<ul>\r\n\t<li>- I Simposio\u00a0 de\u00a0 Ling\u00fa\u00edstica Aplicada, 1987, Santiago de Cuba, ponente.<\/li>\r\n\t<li>- V Conferencia Ling\u00fc\u00edstico Literaria, 1987, Santiago de Cuba, delegada.<\/li>\r\n\t<li>- VI Conferencia Ling\u00fc\u00edstico Literaria, 1989, Santiago de Cuba, delegada.<\/li>\r\n\t<li>- II Simposio de Comunicaci\u00f3n Social, 1989, Santiago de Cuba,tribunal y ponen\u00adte<\/li>\r\n\t<li>- Consejo de Expertos de Poblaci\u00f3n, 1989, Santiago de Cuba, ponente (mapas de\u00a0 zonas dialectales).<\/li>\r\n\t<li>- Primera Conferencia sobre Cultura Africana y Afroamericana, 1990, Santiago de Cuba, ponente<\/li>\r\n\t<li>- I Jornada Cient\u00edfica de Fon\u00e9tica y Fonolog\u00eda y Lexicolog\u00eda y Lexicograf\u00eda. Asociaci\u00f3n de Ling\u00fcistas de Cuba, 1990. Manzanillo, Granma.<\/li>\r\n\t<li>- I Taller de Dialectolog\u00eda y Ling\u00fc\u00edstica. La Habana, 1990.<\/li>\r\n\t<li>- II Jornada Cient\u00edfica Nacional. ACC. Ciudad de la Habana, 1990.<\/li>\r\n\t<li>- IIISimposio de Comunicaci\u00f3n Social, 1991, Santiago de Cuba, tribunal y po\u00adnente.<\/li>\r\n\t<li>- I Taller Internacional de Estudios del Espa\u00f1ol, 1994, Santiago de Cuba, ponente.<\/li>\r\n\t<li>- IV Simposio Internacional de Comunicaci\u00f3n Social,1995, Santiago de Cuba,trib.y pon .<\/li>\r\n\t<li>- Pedagog\u00eda del Caribe, 1996, Santiago de Cuba, ponente.<\/li>\r\n\t<li>- V Simposio Internacional de Comunicaci\u00f3n Social, 1997, Santiago de Cuba,tribunal y ponente.<\/li>\r\n\t<li>- Pedagog\u00eda 99. Encuentro por la unidad de los educadores caribe\u00f1os, Santiago de Cuba, 1998.<\/li>\r\n\t<li>- XII F\u00f3rum Nacional de Ciencia y T\u00e9cnica, 1998, La Habana, ponente.<\/li>\r\n\t<li>- Conferencia Internacional de Ling\u00fc\u00edstica y Literatura .Pinar del R\u00edo. Ponente y Tribunal.<\/li>\r\n\t<li>- VI Simposio Internacional de Comunicaci\u00f3n Social, 1999, Santiago de Cuba,tribunal y ponente.<\/li>\r\n\t<li>- Encuentro Provincial de Mujeres creadoras, 1995 Santiago de Cuba, ponente.<\/li>\r\n\t<li>- III X Conferencia Internacional Ling\u00fc\u00edstico-Literaria, 2000, Santiago de Cuba, ponente\u00a0 y tribunal.<\/li>\r\n\t<li>- XIII F\u00f3rum Municipal de Ciencia y T\u00e9cnica, 2000, Santiago de Cuba, ponente.<\/li>\r\n\t<li>- I Encuentro de ortograf\u00eda integral Cuba-Venezuela, Santiago de Cuba, 2000.<\/li>\r\n\t<li>- VII Simposio Internacional de Comunicaci\u00f3n Social, 2001, Santiago de Cuba, tribunal y ponente.<\/li>\r\n\t<li>- XIV F\u00f3rum de Ciencia y T\u00e9cnica 2001, Santiago de Cuba, ponente<\/li>\r\n\t<li>- XV\u00a0 F\u00f3rum de Ciencia y T\u00e9cnica (base,\u00a0 municipio y provincia), 2003, Santiago de Cuba, ponente.<\/li>\r\n\t<li>- XI Conferencia Internacional Ling\u00fc\u00edstico-Literaria, 2002, Santiago de Cuba, ponente.<\/li>\r\n\t<li>- XIV F\u00f3rum de Ciencia y T\u00e9cnica (base hasta el nivel nacional), 2003, Santiago de Cuba, ponente.<\/li>\r\n\t<li>- I Conferencia Internacional de Lengua y Cultura del Caribe, 2002, Santiago de Cuba, ponente.<\/li>\r\n\t<li>- VIII Simposio Internacional de Comunicaci\u00f3n Social, 2003, Santiago de Cuba, tribunal y ponente.<\/li>\r\n\t<li>- XV F\u00f3rum de Ciencia y T\u00e9cnica (base hasta el nivel provincial), 2003, 2004, 2005 y, 2006, Santiago de Cuba, ponente de dos trabajos.<\/li>\r\n\t<li>- Evento Provincial \u201cPedagog\u00eda 2005\u201d, 2004, Santiago de Cuba, ponente.<\/li>\r\n\t<li>- IX Taller de estudios sobre la obra martiana., 2005, Santiago de Cuba, ponente.<\/li>\r\n\t<li>- IX Simposio Internacional de Comunicaci\u00f3n Social, 2005, Santiago de Cuba, tribunal y ponente.<\/li>\r\n\t<li>- Evento Ciencia y Conciencia, 2006, Santiago de Cuba, tribunal.<\/li>\r\n\t<li>- I Taller \u201cJos\u00e9 Antonio Portuondo: Maestro de la Palabra\u201d,Santiago de Cuba, 2006<\/li>\r\n\t<li>- XV F\u00f3rum de Ciencia y T\u00e9cnica(nivel nacional), 2007, Ciudad de la Habana, ponente.<\/li>\r\n\t<li>- X Simposio Internacional de Comunicaci\u00f3n Social, 2007, Santiago de Cuba, ponente.<\/li>\r\n\t<li>- Semana Acad\u00e9mica, Cultural y Deportiva de la Facultad de Ciencias de la Educaci\u00f3n, Universidad de Colima, M\u00e9xico, 2007<\/li>\r\n\t<li>- Jornadas Internacionales de\u00a0 Lexicograf\u00eda, Universidad de Sevilla, Espa\u00f1a, 2007<\/li>\r\n\t<li>- XI \u00a0Simposio Internacional de Comunicaci\u00f3n Social, 2009, Santiago de Cuba, ponente.<\/li>\r\n\t<li>- XII Simposio Internacional de Comunicaci\u00f3n Social, 2011, Santiago de Cuba, ponente<\/li>\r\n<\/ul>\r\n<\/div>\r\n<\/div>\r\n<\/div>\r\n<div class=\"field field-type-text field-field-other-interest\">\r\n<div class=\"field-label\" style=\"text-align: justify;\">Additional Information:<\/div>\r\n<div class=\"field-items\">\r\n<div class=\"field-item odd\">\r\n<p style=\"text-align: justify;\">Desde 1984 hasta la fecha ha fungido como investigadora del Centro de Ling\u00fc\u00edstica Aplicada de la Academia de Ciencias de Cuba, hoy Ministerio de Ciencia, Tecnolog\u00eda y Medio Ambiente. Actualmente es <strong>Investigadora Auxiliar<\/strong>, categor\u00eda cient\u00edfica alcanzada en 1989.<\/p>\r\n<p style=\"text-align: justify;\"><strong>Premios Cient\u00edficos recibidos:<\/strong><\/p>\r\n\r\n<ol style=\"text-align: justify;\">\r\n\t<li>Premio Provincial de la Delegaci\u00f3n del CITMA, por el <em>L\u00e9xico Activo Funcional del Escolar Cubano<\/em> (1997), coautora.<\/li>\r\n\t<li>Le fue conferida la ,medalla Haza\u00f1a Laboral que otorga el Consejo de Estado, 1997<\/li>\r\n\t<li>Premio Anual de Academia de Ciencias de Cuba, por el <em>L\u00e9xico Activo Funcional del Escolar Cubano<\/em> (1997), coautora.<\/li>\r\n\t<li>Premio Relevante del XII F\u00f3rum Nacional de Ciencia y T\u00e9cnica, por el <em>Diccionario Escolar Ilustrado<\/em> (1998), coautora.<\/li>\r\n\t<li>Le fue conferida la orden Juan Tom\u00e1s Roig, reconocimiento que se confiere\u00a0 a los trabajadores de la Ciencia cubana \u00a0por desarrollar una labor meritoria en el sector.<\/li>\r\n\t<li>Premio Destacado del XIV F\u00f3rum Nacional de Ciencia y T\u00e9cnica, por el <em>Diccionario B\u00e1sico Escolar<\/em> (2002), coautora.<\/li>\r\n\t<li>Premio Internacional <em>Lawrence Urdang 2002<\/em>, que otorga la Sociedad Europea de Lexicograf\u00eda (EURALEX), por el <em>Diccionario B\u00e1sico Escolar<\/em> (2002), coautora.<\/li>\r\n\t<li>Menci\u00f3n del XV F\u00f3rum Nacional de Ciencia y T\u00e9cnica, por la versi\u00f3n electr\u00f3nica del\u00a0 <em>Diccionario B\u00e1sico Escolar<\/em> (2007), coautora.<\/li>\r\n\t<li>Premio Relevante en el XVI Provincial de ciencia y t\u00e9cnica por el trabajo \u201cestrategia de ejercicios pr\u00e1cticos para mejorar el conocimiento de la lengua materna\u201d (2009).<\/li>\r\n<\/ol>\r\n<p style=\"text-align: justify;\">Posee\u00a0 registro en el CENDA correspondiente al <em>Diccionario B\u00e1sico Escolar<\/em> (registro 010800-10800), como coautora y como autora por el libro Prefijos y sufijos. Ejercicios pr\u00e1cticos (registro 1702-2011)<\/p>\r\n\r\n<\/div>\r\n<\/div>\r\n<\/div>\r\n<\/div>\r\n<\/div>","protected":false},"excerpt":{"rendered":"<p>E-mail: alamo@cla.ciges.inf.cu Qualifications: &#8211; High School Teacher, 1970 &#8211; Senior High School Teacher, 1981 &#8211; Associate Researcher, 1989 Post-graduate Courses Taught: &#8211; Desde 1970 hasta 1984 imparti\u00f3 clases de Espa\u00f1ol y de Literatura a estudiantes del nivel preuniversitario. &#8211; Cursos <a href=\"https:\/\/www.cla.cu\/clanuevo\/en\/nancy-cristina-alamo-suarez\/\" class=\"read-more\">Seguir leyendo &#8230;<\/a><\/p>\n","protected":false},"author":1,"featured_media":0,"parent":0,"menu_order":0,"comment_status":"closed","ping_status":"closed","template":"","meta":[],"_links":{"self":[{"href":"https:\/\/www.cla.cu\/clanuevo\/en\/wp-json\/wp\/v2\/pages\/592"}],"collection":[{"href":"https:\/\/www.cla.cu\/clanuevo\/en\/wp-json\/wp\/v2\/pages"}],"about":[{"href":"https:\/\/www.cla.cu\/clanuevo\/en\/wp-json\/wp\/v2\/types\/page"}],"author":[{"embeddable":true,"href":"https:\/\/www.cla.cu\/clanuevo\/en\/wp-json\/wp\/v2\/users\/1"}],"replies":[{"embeddable":true,"href":"https:\/\/www.cla.cu\/clanuevo\/en\/wp-json\/wp\/v2\/comments?post=592"}],"version-history":[{"count":4,"href":"https:\/\/www.cla.cu\/clanuevo\/en\/wp-json\/wp\/v2\/pages\/592\/revisions"}],"predecessor-version":[{"id":1356,"href":"https:\/\/www.cla.cu\/clanuevo\/en\/wp-json\/wp\/v2\/pages\/592\/revisions\/1356"}],"wp:attachment":[{"href":"https:\/\/www.cla.cu\/clanuevo\/en\/wp-json\/wp\/v2\/media?parent=592"}],"curies":[{"name":"wp","href":"https:\/\/api.w.org\/{rel}","templated":true}]}}